{"id":2,"date":"2021-01-19T18:56:34","date_gmt":"2021-01-19T17:56:34","guid":{"rendered":"http:\/\/runbikebriollay.fr\/?page_id=2"},"modified":"2021-02-07T19:33:20","modified_gmt":"2021-02-07T18:33:20","slug":"page-d-exemple","status":"publish","type":"page","link":"https:\/\/runbikebriollay.fr\/?page_id=2","title":{"rendered":"Pr\u00e9sentation"},"content":{"rendered":"\n<p><strong>C\u2019est parti&nbsp;!<\/strong><\/p>\n\n\n\n<p>Voil\u00e0 d\u00e9j\u00e0 2 ans que l\u2019id\u00e9e de rassembler les \u00ab\u00a0coureurs\u00a0\u00bb et les \u00ab\u00a0rouleurs\u00a0\u00bb de Briollay autour d\u2019une association a germ\u00e9.<\/p>\n\n\n\n<p>Mais avant de cr\u00e9er quoi que ce soit, nous voulions \u00eatre certains de l\u2019int\u00e9r\u00eat collectif de ce projet.<\/p>\n\n\n\n<p>Nous avons donc convi\u00e9 tous les Briollaytains int\u00e9ress\u00e9s par la course, le v\u00e9lo de route et le VTT \u00e0 se rassembler tous les dimanches et tous les mardis pour des sorties communes.<\/p>\n\n\n\n<p>Le succ\u00e8s a \u00e9t\u00e9 tout de suite au rendez-vous. Plus d\u2019une quarantaine de Briollaytains se retrouvent r\u00e9guli\u00e8rement. D\u00e9butants, exp\u00e9riment\u00e9s, occasionnels, ils se c\u00f4toient d\u00e9sormais deux fois par semaine avec beaucoup de convivialit\u00e9 et d\u2019envie.<\/p>\n\n\n\n<p>Au forum des associations, notre stand a connu un r\u00e9el succ\u00e8s avec de nombreuses demandes de renseignements et d\u2019adh\u00e9sions<\/p>\n\n\n\n<blockquote class=\"wp-block-quote is-layout-flow wp-block-quote-is-layout-flow\"><p>Aussi, nous sommes tr\u00e8s heureux de vous annoncer la naissance officielle d\u2019une nouvelle association Briollaytaine\u00a0: \u00ab\u00a0Run &amp; Bike Briollay\u00a0\u00bb<\/p><\/blockquote>\n\n\n\n<p>L\u2019objet est de permettre \u00e0 ses adh\u00e9rents de progresser techniquement et physiquement dans leur sport, de participer \u00e0 des \u00e9v\u00e8nements sportifs de la r\u00e9gion voire m\u00eame d\u2019organiser des \u00e9v\u00e8nements sportifs sur Briollay.<\/p>\n\n\n\n<p>Tous ces objectifs vont se mettre petit \u00e0 petit en place dans les mois qui viennent et nous avons d\u00e9j\u00e0 le souhait d\u2019inscrire un maximum d\u2019adh\u00e9rents \u00e0 la ronde de No\u00ebl qui se d\u00e9roule le 21 d\u00e9cembre \u00e0 La Meignanne.<\/p>\n\n\n\n<p>.<\/p>\n\n\n\n<blockquote class=\"wp-block-quote is-layout-flow wp-block-quote-is-layout-flow\"><p>Un Run and Bike  (course en duo avec un seul v\u00e9lo) est \u00e9galement dans les tuyaux pour octobre 2021.<\/p><\/blockquote>\n\n\n\n<p>D\u2019ici l\u00e0, nous vous convions tous \u00e0 nous rejoindre les dimanches \u00e0 9h30 et les mardis \u00e0 19h devant la pharmacie. Pour varier les s\u00e9ances, le 1<sup>er<\/sup> dimanche du mois, nous organiserons une sortie v\u00e9lo de route (en plus du VTT) et chaque 1<sup>er<\/sup> mardi du mois, un entra\u00eenement course pour ceux qui le souhaitent.<\/p>\n\n\n\n<p>Nous convions toutes les personnes int\u00e9ress\u00e9es par l\u2019association \u00e0 nous contacter par mail runandbikebriollay@gmail.com ou sur notre facebook.<\/p>\n\n\n\n<p>Sportivement<\/p>\n\n\n\n<p>Le bureau<\/p>\n","protected":false},"excerpt":{"rendered":"<p>C\u2019est parti&nbsp;! Voil\u00e0 d\u00e9j\u00e0 2 ans que l\u2019id\u00e9e de rassembler les \u00ab\u00a0coureurs\u00a0\u00bb et les \u00ab\u00a0rouleurs\u00a0\u00bb de Briollay autour d\u2019une association<\/p>\n","protected":false},"author":1,"featured_media":0,"parent":0,"menu_order":0,"comment_status":"closed","ping_status":"closed","template":"","meta":{"footnotes":""},"class_list":["post-2","page","type-page","status-publish","hentry"],"_links":{"self":[{"href":"https:\/\/runbikebriollay.fr\/index.php?rest_route=\/wp\/v2\/pages\/2","targetHints":{"allow":["GET"]}}],"collection":[{"href":"https:\/\/runbikebriollay.fr\/index.php?rest_route=\/wp\/v2\/pages"}],"about":[{"href":"https:\/\/runbikebriollay.fr\/index.php?rest_route=\/wp\/v2\/types\/page"}],"author":[{"embeddable":true,"href":"https:\/\/runbikebriollay.fr\/index.php?rest_route=\/wp\/v2\/users\/1"}],"replies":[{"embeddable":true,"href":"https:\/\/runbikebriollay.fr\/index.php?rest_route=%2Fwp%2Fv2%2Fcomments&post=2"}],"version-history":[{"count":2,"href":"https:\/\/runbikebriollay.fr\/index.php?rest_route=\/wp\/v2\/pages\/2\/revisions"}],"predecessor-version":[{"id":123,"href":"https:\/\/runbikebriollay.fr\/index.php?rest_route=\/wp\/v2\/pages\/2\/revisions\/123"}],"wp:attachment":[{"href":"https:\/\/runbikebriollay.fr\/index.php?rest_route=%2Fwp%2Fv2%2Fmedia&parent=2"}],"curies":[{"name":"wp","href":"https:\/\/api.w.org\/{rel}","templated":true}]}}